{"id":29207,"date":"2026-01-30T00:12:11","date_gmt":"2026-01-30T00:12:11","guid":{"rendered":"https:\/\/prueba3.accento.co\/?page_id=29207"},"modified":"2026-01-30T01:56:15","modified_gmt":"2026-01-30T01:56:15","slug":"sobre-nosotros","status":"publish","type":"page","link":"https:\/\/postesplasticosbogota.com\/?page_id=29207","title":{"rendered":"Sobre Nosotros"},"content":{"rendered":"\t\t<div data-elementor-type=\"wp-page\" data-elementor-id=\"29207\" class=\"elementor elementor-29207\" data-elementor-post-type=\"page\">\n\t\t\t\t<div class=\"wd-negative-gap elementor-element elementor-element-d7e581d e-flex e-con-boxed e-con e-parent\" data-id=\"d7e581d\" data-element_type=\"container\">\n\t\t\t\t\t<div class=\"e-con-inner\">\n\t\t<div class=\"elementor-element elementor-element-46d4ee9 e-con-full e-flex e-con e-child\" data-id=\"46d4ee9\" data-element_type=\"container\">\n\t\t\t\t<div class=\"elementor-element elementor-element-afc915a elementor-widget elementor-widget-spacer\" data-id=\"afc915a\" data-element_type=\"widget\" data-widget_type=\"spacer.default\">\n\t\t\t\t\t\t\t<div class=\"elementor-spacer\">\n\t\t\t<div class=\"elementor-spacer-inner\"><\/div>\n\t\t<\/div>\n\t\t\t\t\t\t<\/div>\n\t\t\t\t<div class=\"elementor-element elementor-element-f092a26 elementor-hidden-mobile elementor-widget elementor-widget-image\" data-id=\"f092a26\" data-element_type=\"widget\" data-widget_type=\"image.default\">\n\t\t\t\t\t\t\t\t\t\t\t\t\t\t\t<img loading=\"lazy\" decoding=\"async\" width=\"197\" height=\"127\" src=\"https:\/\/postesplasticosbogota.com\/wp-content\/uploads\/2026\/01\/cropped-postes-footer.png\" class=\"attachment-large size-large wp-image-29016\" alt=\"\" srcset=\"https:\/\/postesplasticosbogota.com\/wp-content\/uploads\/2026\/01\/cropped-postes-footer.png 197w, https:\/\/postesplasticosbogota.com\/wp-content\/uploads\/2026\/01\/cropped-postes-footer-150x97.png 150w\" sizes=\"auto, (max-width: 197px) 100vw, 197px\" \/>\t\t\t\t\t\t\t\t\t\t\t\t\t\t\t<\/div>\n\t\t\t\t<\/div>\n\t\t<div class=\"elementor-element elementor-element-5dfd161 e-con-full e-flex e-con e-child\" data-id=\"5dfd161\" data-element_type=\"container\">\n\t\t\t\t<div class=\"elementor-element elementor-element-d9c3051 wd-width-100 elementor-widget elementor-widget-wd_title\" data-id=\"d9c3051\" data-element_type=\"widget\" data-widget_type=\"wd_title.default\">\n\t\t\t\t<div class=\"elementor-widget-container\">\n\t\t\t\t\t\t\t<div class=\"title-wrapper wd-set-mb reset-last-child wd-title-color-default wd-title-style-default wd-title-size-default text-left\">\n\n\t\t\t\n\t\t\t<div class=\"liner-continer\">\n\t\t\t\t<h6 class=\"woodmart-title-container title wd-fontsize-l\">Sobre Nosotros<\/h6> \n\t\t\t\t\t\t\t<\/div>\n\n\t\t\t\t\t\t\t<div class=\"title-after_title reset-last-child wd-fontsize-xs\">\n\t\t\t\t\t<p>En Postes Pl\u00e1sticos Bogot\u00e1 contamos con un grupo de profesionales altamente capacitados en la fabricaci\u00f3n y comercializaci\u00f3n de todo tipo de productos en madera pl\u00e1stica. Nuestro compromiso es cumplir con las expectativas y exigencias seg\u00fan las necesidades de nuestros clientes, poniendo a su completa disposici\u00f3n la experiencia, el mejoramiento continuo, la eficacia y calidad en todos nuestros productos.<\/p><p>Para lograr entregar productos de alta calidad y durables, seleccionamos cuidadosamente las materias primas. Por otro lado, cumplimos con el objetivo de cuidar el medio ambiente al utilizar material recuperado seleccionado que proviene de productos como: envases pl\u00e1sticos, empaques, tapas pl\u00e1sticas, entre otros. Hemos dise\u00f1ado diversas l\u00edneas de productos como, postes pl\u00e1sticos, estibas pl\u00e1sticas, varetas, pisos pl\u00e1sticos, canastillas pl\u00e1sticas con el fin de satisfacer las necesidades de diversos sectores y con los cuales se pueden construir corrales para ganado, pesebreras, casas pl\u00e1sticas, picaderos, cercas de diferentes tipos, entre otros.<\/p>\t\t\t\t<\/div>\n\t\t\t\t\t<\/div>\n\t\t\t\t\t\t<\/div>\n\t\t\t\t<\/div>\n\t\t\t\t<div class=\"elementor-element elementor-element-03b0ab6 elementor-widget elementor-widget-image\" data-id=\"03b0ab6\" data-element_type=\"widget\" data-widget_type=\"image.default\">\n\t\t\t\t\t\t\t\t\t\t\t\t\t\t\t<img loading=\"lazy\" decoding=\"async\" width=\"197\" height=\"127\" src=\"https:\/\/postesplasticosbogota.com\/wp-content\/uploads\/2026\/01\/cropped-postes-footer.png\" class=\"attachment-large size-large wp-image-29016\" alt=\"\" srcset=\"https:\/\/postesplasticosbogota.com\/wp-content\/uploads\/2026\/01\/cropped-postes-footer.png 197w, https:\/\/postesplasticosbogota.com\/wp-content\/uploads\/2026\/01\/cropped-postes-footer-150x97.png 150w\" sizes=\"auto, (max-width: 197px) 100vw, 197px\" \/>\t\t\t\t\t\t\t\t\t\t\t\t\t\t\t<\/div>\n\t\t\t\t<\/div>\n\t\t\t\t\t<\/div>\n\t\t\t\t<\/div>\n\t\t\t\t<\/div>\n\t\t","protected":false},"excerpt":{"rendered":"<p>Sobre Nosotros En Postes Pl\u00e1sticos Bogot\u00e1 contamos con un grupo de profesionales altamente capacitados en la fabricaci\u00f3n y comercializaci\u00f3n de<\/p>\n","protected":false},"author":1,"featured_media":0,"parent":0,"menu_order":0,"comment_status":"closed","ping_status":"closed","template":"","meta":{"footnotes":""},"class_list":["post-29207","page","type-page","status-publish","hentry"],"_links":{"self":[{"href":"https:\/\/postesplasticosbogota.com\/index.php?rest_route=\/wp\/v2\/pages\/29207","targetHints":{"allow":["GET"]}}],"collection":[{"href":"https:\/\/postesplasticosbogota.com\/index.php?rest_route=\/wp\/v2\/pages"}],"about":[{"href":"https:\/\/postesplasticosbogota.com\/index.php?rest_route=\/wp\/v2\/types\/page"}],"author":[{"embeddable":true,"href":"https:\/\/postesplasticosbogota.com\/index.php?rest_route=\/wp\/v2\/users\/1"}],"replies":[{"embeddable":true,"href":"https:\/\/postesplasticosbogota.com\/index.php?rest_route=%2Fwp%2Fv2%2Fcomments&post=29207"}],"version-history":[{"count":16,"href":"https:\/\/postesplasticosbogota.com\/index.php?rest_route=\/wp\/v2\/pages\/29207\/revisions"}],"predecessor-version":[{"id":29226,"href":"https:\/\/postesplasticosbogota.com\/index.php?rest_route=\/wp\/v2\/pages\/29207\/revisions\/29226"}],"wp:attachment":[{"href":"https:\/\/postesplasticosbogota.com\/index.php?rest_route=%2Fwp%2Fv2%2Fmedia&parent=29207"}],"curies":[{"name":"wp","href":"https:\/\/api.w.org\/{rel}","templated":true}]}}