{"id":29070,"date":"2026-01-29T22:50:24","date_gmt":"2026-01-29T22:50:24","guid":{"rendered":"https:\/\/prueba3.accento.co\/?post_type=product&#038;p=29070"},"modified":"2026-01-29T23:07:34","modified_gmt":"2026-01-29T23:07:34","slug":"parques-infantiles-en-madera-plastica","status":"publish","type":"product","link":"https:\/\/postesplasticosbogota.com\/?product=parques-infantiles-en-madera-plastica","title":{"rendered":"Parques Infantiles en Madera Pl\u00e1stica"},"content":{"rendered":"<p><span style=\"color: #000000;\">Nuestros parques infantiles son elaborados en productos de madera pl\u00e1stica como postes redondos, postes cuadrados, tablas pl\u00e1sticas, entre otros. Los parques infantiles cuentan con diversas secciones de juegos que incluyen trapecio, argollas de gimnasio, rodaderos columpios, muros de escalar, pasamanos y telara\u00f1as. Estos fueron dise\u00f1ados con el objetivo de contribuir al desarrollo y al crecimiento de los ni\u00f1os. Los parques infantiles son resistentes y cuentan con una durabilidad de mas de 100 a\u00f1os, al ser fabricados en madera pl\u00e1stica.<\/span><\/p>\n<h4><span style=\"color: #000000;\">Detalles de producto y caracter\u00edsticas<\/span><\/h4>\n<ul>\n<li><span style=\"color: #000000;\">Mataculin<\/span><\/li>\n<li><span style=\"color: #000000;\">Puente colgante, ducto y techo puente<\/span><\/li>\n<li><span style=\"color: #000000;\">Rodadero<\/span><\/li>\n<li><span style=\"color: #000000;\">M\u00f3dulo de columpios<\/span><\/li>\n<\/ul>\n<h4><span style=\"color: #000000;\">Aplicaciones<\/span><\/h4>\n<ul>\n<li><span style=\"color: #000000;\">Colegios<\/span><\/li>\n<li><span style=\"color: #000000;\">Parques p\u00fablicos<\/span><\/li>\n<li><span style=\"color: #000000;\">Edificios y conjuntos<\/span><\/li>\n<li><span style=\"color: #000000;\">Jardines infantiles<\/span><\/li>\n<li><span style=\"color: #000000;\">Parques privados<\/span><\/li>\n<\/ul>\n","protected":false},"excerpt":{"rendered":"<div>\n<h6><span style=\"color: #000000;\">El valor no incluye impuestos*<\/span><\/h6>\n<\/div>\n<h3><span style=\"color: #000000;\">Cotiza ya<\/span><\/h3>\n[wpforms id=\"29071\"]\n[html_block id=\"29074\"]\n","protected":false},"featured_media":29091,"comment_status":"open","ping_status":"closed","template":"","meta":[],"product_brand":[],"product_cat":[77],"product_tag":[78,79,80,81,82,83],"class_list":{"0":"post-29070","1":"product","2":"type-product","3":"status-publish","4":"has-post-thumbnail","6":"product_cat-parques-infantiles","7":"product_tag-bogota","8":"product_tag-ecologicos","9":"product_tag-infantiles","10":"product_tag-madera","11":"product_tag-parques","12":"product_tag-plastica","14":"first","15":"instock","16":"shipping-taxable","17":"product-type-simple"},"_links":{"self":[{"href":"https:\/\/postesplasticosbogota.com\/index.php?rest_route=\/wp\/v2\/product\/29070","targetHints":{"allow":["GET"]}}],"collection":[{"href":"https:\/\/postesplasticosbogota.com\/index.php?rest_route=\/wp\/v2\/product"}],"about":[{"href":"https:\/\/postesplasticosbogota.com\/index.php?rest_route=\/wp\/v2\/types\/product"}],"replies":[{"embeddable":true,"href":"https:\/\/postesplasticosbogota.com\/index.php?rest_route=%2Fwp%2Fv2%2Fcomments&post=29070"}],"version-history":[{"count":4,"href":"https:\/\/postesplasticosbogota.com\/index.php?rest_route=\/wp\/v2\/product\/29070\/revisions"}],"predecessor-version":[{"id":29097,"href":"https:\/\/postesplasticosbogota.com\/index.php?rest_route=\/wp\/v2\/product\/29070\/revisions\/29097"}],"wp:featuredmedia":[{"embeddable":true,"href":"https:\/\/postesplasticosbogota.com\/index.php?rest_route=\/wp\/v2\/media\/29091"}],"wp:attachment":[{"href":"https:\/\/postesplasticosbogota.com\/index.php?rest_route=%2Fwp%2Fv2%2Fmedia&parent=29070"}],"wp:term":[{"taxonomy":"product_brand","embeddable":true,"href":"https:\/\/postesplasticosbogota.com\/index.php?rest_route=%2Fwp%2Fv2%2Fproduct_brand&post=29070"},{"taxonomy":"product_cat","embeddable":true,"href":"https:\/\/postesplasticosbogota.com\/index.php?rest_route=%2Fwp%2Fv2%2Fproduct_cat&post=29070"},{"taxonomy":"product_tag","embeddable":true,"href":"https:\/\/postesplasticosbogota.com\/index.php?rest_route=%2Fwp%2Fv2%2Fproduct_tag&post=29070"}],"curies":[{"name":"wp","href":"https:\/\/api.w.org\/{rel}","templated":true}]}}