{"id":29098,"date":"2026-01-29T23:09:57","date_gmt":"2026-01-29T23:09:57","guid":{"rendered":"https:\/\/prueba3.accento.co\/?post_type=product&#038;p=29098"},"modified":"2026-01-29T23:17:18","modified_gmt":"2026-01-29T23:17:18","slug":"corrales-y-establos","status":"publish","type":"product","link":"https:\/\/postesplasticosbogota.com\/?product=corrales-y-establos","title":{"rendered":"Corrales y Establos"},"content":{"rendered":"<p><span style=\"color: #000000;\">Los postes pl\u00e1sticos son utilizados para construir corrales de manejo de ganado bovino al ser resistentes al impacto de los animales. Los postes pl\u00e1sticos tambi\u00e9n son muy utilizados para establos de ganado de engorde y lecher\u00edas, ya que por ser de material pl\u00e1stico no pudre, no oxida, no corroe, no produce hongos y se puede estar lavando sin ninguna afectaci\u00f3n. Los postes pl\u00e1sticos tambi\u00e9n son empleados para construir picaderos de entrenamiento y doma de caballos que se pueden instalar con tablas pl\u00e1sticas d\u00e1ndole curva para un mejor desempe\u00f1o de los animales.<\/span><\/p>\n<h4><span style=\"color: #000000;\">Detalles de producto y caracter\u00edsticas<\/span><\/h4>\n<ul>\n<li><span style=\"color: #000000;\">Recubrimiento con UV<\/span><\/li>\n<li><span style=\"color: #000000;\">Soportan hasta 800Kg de impacto<\/span><\/li>\n<li><span style=\"color: #000000;\">No se pudren<\/span><\/li>\n<li><span style=\"color: #000000;\">Soportan tensi\u00f3n al ser grapados con alambre<\/span><\/li>\n<\/ul>\n<h4><span style=\"color: #000000;\"><strong>Aplicaciones<\/strong><\/span><\/h4>\n<ul>\n<li><span style=\"color: #000000;\">Sector agropecuario y ganadero<\/span><\/li>\n<li><span style=\"color: #000000;\">Sector mobiliario<\/span><\/li>\n<li><span style=\"color: #000000;\">Sector de construcci\u00f3n<\/span><\/li>\n<li><span style=\"color: #000000;\">Sector minero<\/span><\/li>\n<\/ul>\n","protected":false},"excerpt":{"rendered":"<div>\n<h6><span style=\"color: #000000;\">El valor no incluye impuestos*<\/span><\/h6>\n<\/div>\n<h3><span style=\"color: #000000;\">Cotiza ya<\/span><\/h3>\n[wpforms id=\"29099\"]\n[html_block id=\"29102\"]\n","protected":false},"featured_media":29113,"comment_status":"open","ping_status":"closed","template":"","meta":[],"product_brand":[],"product_cat":[84],"product_tag":[85,86,79,87,88,89,81,90,83,91],"class_list":{"0":"post-29098","1":"product","2":"type-product","3":"status-publish","4":"has-post-thumbnail","6":"product_cat-corrales-y-establos","7":"product_tag-corrales","8":"product_tag-ecologico","9":"product_tag-ecologicos","10":"product_tag-en","11":"product_tag-establos","12":"product_tag-eventos","13":"product_tag-madera","14":"product_tag-piso","15":"product_tag-plastica","16":"product_tag-plasticos","18":"first","19":"instock","20":"shipping-taxable","21":"product-type-simple"},"_links":{"self":[{"href":"https:\/\/postesplasticosbogota.com\/index.php?rest_route=\/wp\/v2\/product\/29098","targetHints":{"allow":["GET"]}}],"collection":[{"href":"https:\/\/postesplasticosbogota.com\/index.php?rest_route=\/wp\/v2\/product"}],"about":[{"href":"https:\/\/postesplasticosbogota.com\/index.php?rest_route=\/wp\/v2\/types\/product"}],"replies":[{"embeddable":true,"href":"https:\/\/postesplasticosbogota.com\/index.php?rest_route=%2Fwp%2Fv2%2Fcomments&post=29098"}],"version-history":[{"count":1,"href":"https:\/\/postesplasticosbogota.com\/index.php?rest_route=\/wp\/v2\/product\/29098\/revisions"}],"predecessor-version":[{"id":29114,"href":"https:\/\/postesplasticosbogota.com\/index.php?rest_route=\/wp\/v2\/product\/29098\/revisions\/29114"}],"wp:featuredmedia":[{"embeddable":true,"href":"https:\/\/postesplasticosbogota.com\/index.php?rest_route=\/wp\/v2\/media\/29113"}],"wp:attachment":[{"href":"https:\/\/postesplasticosbogota.com\/index.php?rest_route=%2Fwp%2Fv2%2Fmedia&parent=29098"}],"wp:term":[{"taxonomy":"product_brand","embeddable":true,"href":"https:\/\/postesplasticosbogota.com\/index.php?rest_route=%2Fwp%2Fv2%2Fproduct_brand&post=29098"},{"taxonomy":"product_cat","embeddable":true,"href":"https:\/\/postesplasticosbogota.com\/index.php?rest_route=%2Fwp%2Fv2%2Fproduct_cat&post=29098"},{"taxonomy":"product_tag","embeddable":true,"href":"https:\/\/postesplasticosbogota.com\/index.php?rest_route=%2Fwp%2Fv2%2Fproduct_tag&post=29098"}],"curies":[{"name":"wp","href":"https:\/\/api.w.org\/{rel}","templated":true}]}}