{"id":29115,"date":"2026-01-29T23:18:34","date_gmt":"2026-01-29T23:18:34","guid":{"rendered":"https:\/\/prueba3.accento.co\/?post_type=product&#038;p=29115"},"modified":"2026-01-29T23:24:49","modified_gmt":"2026-01-29T23:24:49","slug":"estibas-plasticas","status":"publish","type":"product","link":"https:\/\/postesplasticosbogota.com\/?product=estibas-plasticas","title":{"rendered":"Estibas Pl\u00e1sticas"},"content":{"rendered":"<p>Nuestras estibas son fabricadas en polietileno de alta densidad que permite que sean resistentes y durables. Las estibas pl\u00e1sticas no corroen, no se pudren, no absorben humedad y son inmunes a hongos. Nuestras estibas pl\u00e1sticas est\u00e1n dise\u00f1adas para soportar cargas hasta 5 toneladas. Adem\u00e1s, se pueden utilizar con gatos hidr\u00e1ulicos, estanter\u00edas y son fabricadas de acuerdo con la necesidad de nuestros clientes.<\/p>\n<div>\n<h4>Detalles de producto y caracter\u00edsticas<\/h4>\n<ul>\n<li>Antideslizantes<\/li>\n<li>F\u00e1cil lavado<\/li>\n<li>Son m\u00e1s durables a impactos<\/li>\n<li>Resistente a cambios clim\u00e1ticos<\/li>\n<li>Alta resistencia en carga din\u00e1mica y est\u00e1tica<\/li>\n<li>Inmune a hongos, bacterias, insectos y roedores<\/li>\n<li>Resistente a disolventes, \u00e1cidos, humedad y salinidad<\/li>\n<li>Son m\u00e1s livianos que la madera, facilitando su transporte e instalaci\u00f3n<\/li>\n<\/ul>\n<h4>Aplicaciones<\/h4>\n<ul>\n<li>Sector agropecuario y ganadero<\/li>\n<li>Sector mobiliario<\/li>\n<li>Grandes superficies<\/li>\n<li>Bodegas<\/li>\n<\/ul>\n<\/div>\n","protected":false},"excerpt":{"rendered":"<div>\n<h6><span style=\"color: #000000;\">El valor no incluye impuestos*<\/span><\/h6>\n<\/div>\n<h3><span style=\"color: #000000;\">Cotiza ya<\/span><\/h3>\n[wpforms id=\"29116\"]\n[html_block id=\"29119\"]\n","protected":false},"featured_media":29127,"comment_status":"open","ping_status":"closed","template":"","meta":[],"product_brand":[],"product_cat":[92],"product_tag":[78,93,94,81,95,83,96],"class_list":{"0":"post-29115","1":"product","2":"type-product","3":"status-publish","4":"has-post-thumbnail","6":"product_cat-estibas-plasticas","7":"product_tag-bogota","8":"product_tag-ecologicas","9":"product_tag-estibas","10":"product_tag-madera","11":"product_tag-maderas","12":"product_tag-plastica","13":"product_tag-plasticas","15":"first","16":"instock","17":"shipping-taxable","18":"product-type-simple"},"_links":{"self":[{"href":"https:\/\/postesplasticosbogota.com\/index.php?rest_route=\/wp\/v2\/product\/29115","targetHints":{"allow":["GET"]}}],"collection":[{"href":"https:\/\/postesplasticosbogota.com\/index.php?rest_route=\/wp\/v2\/product"}],"about":[{"href":"https:\/\/postesplasticosbogota.com\/index.php?rest_route=\/wp\/v2\/types\/product"}],"replies":[{"embeddable":true,"href":"https:\/\/postesplasticosbogota.com\/index.php?rest_route=%2Fwp%2Fv2%2Fcomments&post=29115"}],"version-history":[{"count":1,"href":"https:\/\/postesplasticosbogota.com\/index.php?rest_route=\/wp\/v2\/product\/29115\/revisions"}],"predecessor-version":[{"id":29129,"href":"https:\/\/postesplasticosbogota.com\/index.php?rest_route=\/wp\/v2\/product\/29115\/revisions\/29129"}],"wp:featuredmedia":[{"embeddable":true,"href":"https:\/\/postesplasticosbogota.com\/index.php?rest_route=\/wp\/v2\/media\/29127"}],"wp:attachment":[{"href":"https:\/\/postesplasticosbogota.com\/index.php?rest_route=%2Fwp%2Fv2%2Fmedia&parent=29115"}],"wp:term":[{"taxonomy":"product_brand","embeddable":true,"href":"https:\/\/postesplasticosbogota.com\/index.php?rest_route=%2Fwp%2Fv2%2Fproduct_brand&post=29115"},{"taxonomy":"product_cat","embeddable":true,"href":"https:\/\/postesplasticosbogota.com\/index.php?rest_route=%2Fwp%2Fv2%2Fproduct_cat&post=29115"},{"taxonomy":"product_tag","embeddable":true,"href":"https:\/\/postesplasticosbogota.com\/index.php?rest_route=%2Fwp%2Fv2%2Fproduct_tag&post=29115"}],"curies":[{"name":"wp","href":"https:\/\/api.w.org\/{rel}","templated":true}]}}