{"id":29130,"date":"2026-01-29T23:27:08","date_gmt":"2026-01-29T23:27:08","guid":{"rendered":"https:\/\/prueba3.accento.co\/?post_type=product&#038;p=29130"},"modified":"2026-01-29T23:38:19","modified_gmt":"2026-01-29T23:38:19","slug":"postes-plasticos","status":"publish","type":"product","link":"https:\/\/postesplasticosbogota.com\/?product=postes-plasticos","title":{"rendered":"Postes Pl\u00e1sticos"},"content":{"rendered":"<p>Somos fabricantes y comercializadores de postes pl\u00e1sticos 100% ecol\u00f3gicos fabricados en polietileno y polipropileno de alta densidad, que permiten una vida \u00fatil de m\u00e1s de 100 a\u00f1os. De esta manera, impulsamos el desarrollo con sostenibilidad ambiental mediante la recuperaci\u00f3n y transformaci\u00f3n de residuos en productos ecol\u00f3gicos de alta calidad.<\/p>\n<p>Nuestros postes pl\u00e1sticos son utilizados para cercar, construir corrales, establos, pesebreras, para cerca el\u00e9ctrica, para cerca con malla eslabonada, tutorados, entre otros usos. Adem\u00e1s, son capaces de recibir grapas, puntillas y tornillos sin presentar ninguna deformaci\u00f3n. Nuestros postes pl\u00e1sticos cuentan con estructura totalmente compacta y maciza, no se oxidan, no pudren y no corroen. Los postes pl\u00e1sticos cuentan con filtro UV para evitar su cristalizaci\u00f3n y anti-flama que permite que no se quemen en caso de incendio.<\/p>\n<p>&nbsp;<\/p>\n<h4>Detalles de producto y caracter\u00edsticas<\/h4>\n<ul>\n<li>Recubrimiento con UV<\/li>\n<li>Soportan hasta 800Kg de impacto<\/li>\n<li>No se pudren<\/li>\n<li>Soportan tensi\u00f3n al ser grapados con alambre<\/li>\n<\/ul>\n<h4>Aplicaciones<\/h4>\n<ul>\n<li>Sector agropecuario y ganadero<\/li>\n<li>Sector mobiliario<\/li>\n<li>Sector de construcci\u00f3n<\/li>\n<li>Sector minero<\/li>\n<\/ul>\n","protected":false},"excerpt":{"rendered":"<div>\n<h6><span style=\"color: #000000;\">El valor no incluye impuestos*<\/span><\/h6>\n<\/div>\n<h3><span style=\"color: #000000;\">Cotiza ya<\/span><\/h3>\n[wpforms id=\"29131\"]\n[html_block id=\"29134\"]\n","protected":false},"featured_media":29164,"comment_status":"open","ping_status":"closed","template":"","meta":[],"product_brand":[],"product_cat":[97],"product_tag":[79,98,99,100],"class_list":{"0":"post-29130","1":"product","2":"type-product","3":"status-publish","4":"has-post-thumbnail","6":"product_cat-postes-plasticos","7":"product_tag-ecologicos","8":"product_tag-pasticos","9":"product_tag-postes","10":"product_tag-resistencia","12":"first","13":"instock","14":"shipping-taxable","15":"product-type-simple"},"_links":{"self":[{"href":"https:\/\/postesplasticosbogota.com\/index.php?rest_route=\/wp\/v2\/product\/29130","targetHints":{"allow":["GET"]}}],"collection":[{"href":"https:\/\/postesplasticosbogota.com\/index.php?rest_route=\/wp\/v2\/product"}],"about":[{"href":"https:\/\/postesplasticosbogota.com\/index.php?rest_route=\/wp\/v2\/types\/product"}],"replies":[{"embeddable":true,"href":"https:\/\/postesplasticosbogota.com\/index.php?rest_route=%2Fwp%2Fv2%2Fcomments&post=29130"}],"version-history":[{"count":1,"href":"https:\/\/postesplasticosbogota.com\/index.php?rest_route=\/wp\/v2\/product\/29130\/revisions"}],"predecessor-version":[{"id":29165,"href":"https:\/\/postesplasticosbogota.com\/index.php?rest_route=\/wp\/v2\/product\/29130\/revisions\/29165"}],"wp:featuredmedia":[{"embeddable":true,"href":"https:\/\/postesplasticosbogota.com\/index.php?rest_route=\/wp\/v2\/media\/29164"}],"wp:attachment":[{"href":"https:\/\/postesplasticosbogota.com\/index.php?rest_route=%2Fwp%2Fv2%2Fmedia&parent=29130"}],"wp:term":[{"taxonomy":"product_brand","embeddable":true,"href":"https:\/\/postesplasticosbogota.com\/index.php?rest_route=%2Fwp%2Fv2%2Fproduct_brand&post=29130"},{"taxonomy":"product_cat","embeddable":true,"href":"https:\/\/postesplasticosbogota.com\/index.php?rest_route=%2Fwp%2Fv2%2Fproduct_cat&post=29130"},{"taxonomy":"product_tag","embeddable":true,"href":"https:\/\/postesplasticosbogota.com\/index.php?rest_route=%2Fwp%2Fv2%2Fproduct_tag&post=29130"}],"curies":[{"name":"wp","href":"https:\/\/api.w.org\/{rel}","templated":true}]}}